{"id":2176,"date":"2017-03-31T10:55:28","date_gmt":"2017-03-31T08:55:28","guid":{"rendered":"http:\/\/crm-agile.selectup.com\/utilisation-des-cookies"},"modified":"2017-07-11T18:12:26","modified_gmt":"2017-07-11T16:12:26","slug":"use-of-cookies","status":"publish","type":"page","link":"https:\/\/crm-agile.selectup.com\/en\/use-of-cookies","title":{"rendered":"Use of cookies"},"content":{"rendered":"<p><strong><a class=\"ftven_confidentialite_menu_title\">Qu\u2019est-ce qu\u2019un cookie ?<\/a><\/strong><\/p>\n<p>Le terme de cookies est au sens large et couvre les traceurs tels que : pixel tags, bugs, web storage. Les cookies sont d\u00e9pos\u00e9s et\/ou lus lors de la consultation d\u2019un site internet ou la consultation d\u2019une publicit\u00e9 ou d&#8217;une application mobile.<\/p>\n<p>Un cookie est une information d\u00e9pos\u00e9e sur votre disque dur par le serveur du site ou d\u2019une application mobile que vous visitez ou lors de la consultation d\u2019une publicit\u00e9.<\/p>\n<p>Dans votre ordinateur, les cookies sont g\u00e9r\u00e9s par votre navigateur internet (Google Chrome, Firefox, Safari ou encore Internet Explorer ). Ils peuvent \u00eatre d\u00e9pos\u00e9s \u00e0 l&#8217;occasion de la navigation sur nos sites ou lorsque vous cliquez dans les espaces publicitaires de notre site.<\/p>\n<p>&nbsp;<\/p>\n<p><strong><a class=\"ftven_confidentialite_menu_title\">Quels sont les diff\u00e9rents types de cookies utilis\u00e9s sur nos sites ?<\/a><\/strong><\/p>\n<p>Ils y a plusieurs types de cookies utilis\u00e9s sur notre site internet Select&#8217;up et certains sont n\u00e9cessaires \u00e0 votre utilisation de nos sites.<\/p>\n<dl class=\"ftven_confidentialite_data_list\">\n<dt>Les cookies strictement n\u00e9cessaires<\/dt>\n<dd>Il s&#8217;agit des cookies n\u00e9cessaires au fonctionnement de nos sites. Ils vous permettent d&#8217;utiliser les principales fonctionnalit\u00e9s de notre site. Sans ces cookies, vous ne pourrez pas utiliser notre\u00a0site normalement.<\/dd>\n<dt>Les cookies analytiques<\/dt>\n<dd>Il s&#8217;agit des cookies qui nous permettent de conna\u00eetre l&#8217;utilisation et les performances de notre\u00a0site et d&#8217;en am\u00e9liorer le fonctionnement (par exemple, les pages le plus souvent consult\u00e9es&#8230;).<\/dd>\n<\/dl>\n<p><strong><a class=\"ftven_confidentialite_menu_title\">Comment accepter ou refuser les cookies ?<\/a><\/strong><\/p>\n<p>Les liens suivants vont vous aider \u00e0 comment r\u00e9gler les cookies en fonction du navigateurs internet que vous utilisez\u00a0:<\/p>\n<ul class=\"ftven_confidentialite_list\">\n<li><b>Pour Google Chrome :<br \/>\n<a href=\"https:\/\/support.google.com\/chrome\/answer\/95647?hl=fr\">https:\/\/support.google.com\/chrome\/answer\/95647?hl=fr<\/a><\/b><\/li>\n<li><b>Pour Internet Explorer<\/b> :<br \/>\n<a href=\"http:\/\/windows.microsoft.com\/fr-FR\/windows-vista\/Block-or-allow-cookies\">http:\/\/windows.microsoft.com\/fr-FR\/windows-vista\/Block-or-allow-cookies<\/a><\/li>\n<li><b>Pour Firefox<\/b><br \/>\n<a href=\"http:\/\/support.mozilla.org\/fr\/kb\/activer-desactiver-cookies\">http:\/\/support.mozilla.org\/fr\/kb\/activer-desactiver-cookies<\/a><\/li>\n<\/ul>\n","protected":false},"excerpt":{"rendered":"<p>Qu\u2019est-ce qu\u2019un cookie ? Le terme de cookies est au sens large et couvre les traceurs tels que : pixel tags, bugs, web storage. Les cookies<span class=\"excerpt-hellip\"> [\u2026]<\/span><\/p>\n","protected":false},"author":2,"featured_media":0,"parent":0,"menu_order":0,"comment_status":"closed","ping_status":"closed","template":"","meta":{"_acf_changed":false,"footnotes":""},"class_list":["post-2176","page","type-page","status-publish","hentry"],"acf":[],"yoast_head":"<!-- This site is optimized with the Yoast SEO plugin v27.5 - https:\/\/yoast.com\/product\/yoast-seo-wordpress\/ -->\n<title>Use of cookies - Select&#039;up<\/title>\n<meta name=\"robots\" content=\"index, follow, max-snippet:-1, max-image-preview:large, max-video-preview:-1\" \/>\n<link rel=\"canonical\" href=\"https:\/\/crm-agile.selectup.com\/en\/use-of-cookies\" \/>\n<meta property=\"og:locale\" content=\"en_US\" \/>\n<meta property=\"og:type\" content=\"article\" \/>\n<meta property=\"og:title\" content=\"Use of cookies - Select&#039;up\" \/>\n<meta property=\"og:description\" content=\"Qu\u2019est-ce qu\u2019un cookie ? Le terme de cookies est au sens large et couvre les traceurs tels que : pixel tags, bugs, web storage. Les cookies [\u2026]\" \/>\n<meta property=\"og:url\" content=\"https:\/\/crm-agile.selectup.com\/en\/use-of-cookies\" \/>\n<meta property=\"og:site_name\" content=\"Select&#039;up\" \/>\n<meta property=\"article:modified_time\" content=\"2017-07-11T16:12:26+00:00\" \/>\n<meta name=\"twitter:card\" content=\"summary_large_image\" \/>\n<meta name=\"twitter:label1\" content=\"Est. reading time\" \/>\n\t<meta name=\"twitter:data1\" content=\"1 minute\" \/>\n<script type=\"application\/ld+json\" class=\"yoast-schema-graph\">{\"@context\":\"https:\\\/\\\/schema.org\",\"@graph\":[{\"@type\":\"WebPage\",\"@id\":\"https:\\\/\\\/crm-agile.selectup.com\\\/en\\\/use-of-cookies\",\"url\":\"https:\\\/\\\/crm-agile.selectup.com\\\/en\\\/use-of-cookies\",\"name\":\"Use of cookies - Select&#039;up\",\"isPartOf\":{\"@id\":\"https:\\\/\\\/crm-agile.selectup.com\\\/en#website\"},\"datePublished\":\"2017-03-31T08:55:28+00:00\",\"dateModified\":\"2017-07-11T16:12:26+00:00\",\"breadcrumb\":{\"@id\":\"https:\\\/\\\/crm-agile.selectup.com\\\/en\\\/use-of-cookies#breadcrumb\"},\"inLanguage\":\"en-US\",\"potentialAction\":[{\"@type\":\"ReadAction\",\"target\":[\"https:\\\/\\\/crm-agile.selectup.com\\\/en\\\/use-of-cookies\"]}]},{\"@type\":\"BreadcrumbList\",\"@id\":\"https:\\\/\\\/crm-agile.selectup.com\\\/en\\\/use-of-cookies#breadcrumb\",\"itemListElement\":[{\"@type\":\"ListItem\",\"position\":1,\"name\":\"Accueil\",\"item\":\"https:\\\/\\\/crm-agile.selectup.com\\\/en\"},{\"@type\":\"ListItem\",\"position\":2,\"name\":\"Use of cookies\"}]},{\"@type\":\"WebSite\",\"@id\":\"https:\\\/\\\/crm-agile.selectup.com\\\/en#website\",\"url\":\"https:\\\/\\\/crm-agile.selectup.com\\\/en\",\"name\":\"Select&#039;up\",\"description\":\"\",\"potentialAction\":[{\"@type\":\"SearchAction\",\"target\":{\"@type\":\"EntryPoint\",\"urlTemplate\":\"https:\\\/\\\/crm-agile.selectup.com\\\/en?s={search_term_string}\"},\"query-input\":{\"@type\":\"PropertyValueSpecification\",\"valueRequired\":true,\"valueName\":\"search_term_string\"}}],\"inLanguage\":\"en-US\"}]}<\/script>\n<!-- \/ Yoast SEO plugin. -->","yoast_head_json":{"title":"Use of cookies - Select&#039;up","robots":{"index":"index","follow":"follow","max-snippet":"max-snippet:-1","max-image-preview":"max-image-preview:large","max-video-preview":"max-video-preview:-1"},"canonical":"https:\/\/crm-agile.selectup.com\/en\/use-of-cookies","og_locale":"en_US","og_type":"article","og_title":"Use of cookies - Select&#039;up","og_description":"Qu\u2019est-ce qu\u2019un cookie ? Le terme de cookies est au sens large et couvre les traceurs tels que : pixel tags, bugs, web storage. Les cookies [\u2026]","og_url":"https:\/\/crm-agile.selectup.com\/en\/use-of-cookies","og_site_name":"Select&#039;up","article_modified_time":"2017-07-11T16:12:26+00:00","twitter_card":"summary_large_image","twitter_misc":{"Est. reading time":"1 minute"},"schema":{"@context":"https:\/\/schema.org","@graph":[{"@type":"WebPage","@id":"https:\/\/crm-agile.selectup.com\/en\/use-of-cookies","url":"https:\/\/crm-agile.selectup.com\/en\/use-of-cookies","name":"Use of cookies - Select&#039;up","isPartOf":{"@id":"https:\/\/crm-agile.selectup.com\/en#website"},"datePublished":"2017-03-31T08:55:28+00:00","dateModified":"2017-07-11T16:12:26+00:00","breadcrumb":{"@id":"https:\/\/crm-agile.selectup.com\/en\/use-of-cookies#breadcrumb"},"inLanguage":"en-US","potentialAction":[{"@type":"ReadAction","target":["https:\/\/crm-agile.selectup.com\/en\/use-of-cookies"]}]},{"@type":"BreadcrumbList","@id":"https:\/\/crm-agile.selectup.com\/en\/use-of-cookies#breadcrumb","itemListElement":[{"@type":"ListItem","position":1,"name":"Accueil","item":"https:\/\/crm-agile.selectup.com\/en"},{"@type":"ListItem","position":2,"name":"Use of cookies"}]},{"@type":"WebSite","@id":"https:\/\/crm-agile.selectup.com\/en#website","url":"https:\/\/crm-agile.selectup.com\/en","name":"Select&#039;up","description":"","potentialAction":[{"@type":"SearchAction","target":{"@type":"EntryPoint","urlTemplate":"https:\/\/crm-agile.selectup.com\/en?s={search_term_string}"},"query-input":{"@type":"PropertyValueSpecification","valueRequired":true,"valueName":"search_term_string"}}],"inLanguage":"en-US"}]}},"_links":{"self":[{"href":"https:\/\/crm-agile.selectup.com\/en\/wp-json\/wp\/v2\/pages\/2176","targetHints":{"allow":["GET"]}}],"collection":[{"href":"https:\/\/crm-agile.selectup.com\/en\/wp-json\/wp\/v2\/pages"}],"about":[{"href":"https:\/\/crm-agile.selectup.com\/en\/wp-json\/wp\/v2\/types\/page"}],"author":[{"embeddable":true,"href":"https:\/\/crm-agile.selectup.com\/en\/wp-json\/wp\/v2\/users\/2"}],"replies":[{"embeddable":true,"href":"https:\/\/crm-agile.selectup.com\/en\/wp-json\/wp\/v2\/comments?post=2176"}],"version-history":[{"count":0,"href":"https:\/\/crm-agile.selectup.com\/en\/wp-json\/wp\/v2\/pages\/2176\/revisions"}],"wp:attachment":[{"href":"https:\/\/crm-agile.selectup.com\/en\/wp-json\/wp\/v2\/media?parent=2176"}],"curies":[{"name":"wp","href":"https:\/\/api.w.org\/{rel}","templated":true}]}}