{"id":2156,"date":"2016-11-08T16:27:19","date_gmt":"2016-11-08T15:27:19","guid":{"rendered":"http:\/\/crm-agile.selectup.com\/solutions-eseller"},"modified":"2018-02-06T16:16:28","modified_gmt":"2018-02-06T15:16:28","slug":"solutions-eseller","status":"publish","type":"page","link":"https:\/\/crm-agile.selectup.com\/en\/solutions-eseller","title":{"rendered":"Solutions"},"content":{"rendered":"<div class=\"wpb-content-wrapper\"><p>[vc_row full_width=&#8221;stretch_row&#8221; content_placement=&#8221;middle&#8221; el_id=&#8221;bg-top-secteur&#8221;][vc_column][vc_column_text el_class=&#8221;titre-bg-top&#8221;]<\/p>\n<h1>Select&#8217;UP s&#8217;occupe de votre concession auto &#8230;<\/h1>\n<p>Lorem ipsum Lorem ipsum Lorem ipsum Lorem ipsum Lorem ipsum Lorem ipsum Lorem ipsum Lorem ipsum Lorem ipsum[\/vc_column_text][\/vc_column][\/vc_row][vc_row el_id=&#8221;oges&#8221;][vc_column][vc_column_text el_class=&#8221;texte-oges&#8221;]<\/p>\n<h2 class=\"titre_hp2\">A global offer based on 3 solutions<\/h2>\n<p><img decoding=\"async\" class=\"rond_selectup\" src=\"\/wp-content\/uploads\/2017\/03\/rond-selectup.png\" \/><\/p>\n<p>In a complex ecosystem of channels of contact between the consumer and the brand, eSeller responds to the three major issues of customers relation in the distribution of vehicles.[\/vc_column_text][vc_row_inner][vc_column_inner][vc_single_image image=&#8221;2307&#8243; img_size=&#8221;full&#8221; alignment=&#8221;center&#8221; onclick=&#8221;link_image&#8221;][\/vc_column_inner][\/vc_row_inner][vc_row_inner][vc_column_inner width=&#8221;1\/6&#8243;][\/vc_column_inner][vc_column_inner width=&#8221;2\/3&#8243;][vc_column_text el_class=&#8221;texte-oges2&#8243;]<strong>Manage leads<\/strong>: set up an efficient strategy to welcome, treat and measure the\u00a0 bigger and bigger incoming requests\/leads coming\u00a0 from the web, manufacturers and marketing campaigns.<br \/>\n<strong><br \/>\nManage sales<\/strong>: allow the seller to follow the customer, before, during and after the purchase so as to stay in contact.<br \/>\n<strong><br \/>\nManage Data Marketing<\/strong>: consolidate all the information available on the client (transactional, behavioral, attitudinal) in a unique customer repository , allowing to address it in a respectful, relevant and effective way.[\/vc_column_text][\/vc_column_inner][vc_column_inner width=&#8221;1\/6&#8243;][\/vc_column_inner][\/vc_row_inner][\/vc_column][\/vc_row][vc_row el_id=&#8221;exploi-mana&#8221;][vc_column][vc_column_text]<\/p>\n<h2 class=\"titre_hp2\">FOR A MANAGEMENT, TRADING AND MARKETING OPERATION<\/h2>\n<p><img decoding=\"async\" class=\"rond_selectup\" src=\"\/wp-content\/uploads\/2017\/03\/rond-selectup.png\" \/>[\/vc_column_text][\/vc_column][\/vc_row][vc_row el_id=&#8221;three-blocs&#8221;][vc_column width=&#8221;1\/3&#8243; el_class=&#8221;shadow&#8221;][vc_single_image image=&#8221;504&#8243; img_size=&#8221;full&#8221; alignment=&#8221;center&#8221;][vc_column_text]<\/p>\n<h3 class=\"titre_hp3\">Lead Management<\/h3>\n<p>[\/vc_column_text][vc_btn title=&#8221;eSeller lead&#8221; color=&#8221;black&#8221; size=&#8221;lg&#8221; align=&#8221;center&#8221; css_animation=&#8221;fadeInDown&#8221; css=&#8221;.vc_custom_1492702761958{background-color: rgba(226,226,226,0.01) !important;background-position: 0 0 !important;background-repeat: no-repeat !important;*background-color: rgb(226,226,226) !important;}&#8221; link=&#8221;url:%2Fsolutions-eseller%2Feseller-lead|||&#8221; el_class=&#8221;boutonblack&#8221;][\/vc_column][vc_column width=&#8221;1\/3&#8243; el_class=&#8221;shadow&#8221;][vc_single_image image=&#8221;505&#8243; img_size=&#8221;full&#8221; alignment=&#8221;center&#8221;][vc_column_text]<\/p>\n<h3 class=\"titre_hp3\">Sales Access<\/h3>\n<p>[\/vc_column_text][vc_btn title=&#8221;eSeller team&#8221; color=&#8221;black&#8221; size=&#8221;lg&#8221; align=&#8221;center&#8221; css_animation=&#8221;fadeInDown&#8221; css=&#8221;.vc_custom_1492702771573{background-color: rgba(226,226,226,0.01) !important;background-position: 0 0 !important;background-repeat: no-repeat !important;*background-color: rgb(226,226,226) !important;}&#8221; link=&#8221;url:%2Fsolutions-eseller%2Feseller-team|||&#8221; el_class=&#8221;boutonblack&#8221;][\/vc_column][vc_column width=&#8221;1\/3&#8243; el_class=&#8221;shadow&#8221;][vc_single_image image=&#8221;506&#8243; img_size=&#8221;full&#8221; alignment=&#8221;center&#8221;][vc_column_text]<\/p>\n<h3 class=\"titre_hp3\">Data marketing<\/h3>\n<p>[\/vc_column_text][vc_btn title=&#8221;eSeller contact&#8221; color=&#8221;black&#8221; size=&#8221;lg&#8221; align=&#8221;center&#8221; css_animation=&#8221;fadeInDown&#8221; css=&#8221;.vc_custom_1492702778881{background-color: rgba(226,226,226,0.01) !important;background-position: 0 0 !important;background-repeat: no-repeat !important;*background-color: rgb(226,226,226) !important;}&#8221; link=&#8221;url:%2Fsolutions-eseller%2Feseller-contact|||&#8221; el_class=&#8221;boutonblack&#8221;][\/vc_column][\/vc_row][vc_row el_id=&#8221;benefices&#8221;][vc_column][vc_column_text]<\/p>\n<h3 class=\"titre_hp3\">USER AND DECISIONAL BENEFITS<\/h3>\n<p>[\/vc_column_text][vc_column_text]<\/p>\n<ol class=\"bene\">\n<li><i class=\"fleche-cible\"><\/i>Identify your clients with high potential<\/li>\n<li><i class=\"fa fa-line-chart\"><\/i>Develop the workshop business<\/li>\n<li><i class=\"fa fa-rocket\"><\/i>Manage your salesforce<\/li>\n<li><i class=\"fa fa-check-square-o\"><\/i>Treat leads coming from manufacturers websites and internet<\/li>\n<li><i class=\"fa fa-file-text-o\"><\/i>Carry out relevant marketing actions<\/li>\n<\/ol>\n<p>[\/vc_column_text][\/vc_column][\/vc_row][vc_row el_id=&#8221;petits-grands-distributeurs&#8221;][vc_column][vc_column_text]<\/p>\n<h2 class=\"titre_hp2\">THEY TRUST US<\/h2>\n<p><img decoding=\"async\" class=\"rond_selectup\" src=\"\/wp-content\/uploads\/2017\/03\/rond-selectup.png\" \/>[\/vc_column_text][vc_images_carousel images=&#8221;956,948,949,954,950,947,1337,952,1340,951,953,946,963,1214,1030,1031,1033,1001,1341&#8243; img_size=&#8221;200&#215;152&#8243; slides_per_view=&#8221;6&#8243; hide_pagination_control=&#8221;yes&#8221; el_class=&#8221;slider-reference&#8221;][\/vc_column][\/vc_row][vc_row el_id=&#8221;question&#8221;][vc_column][vc_column_text el_class=&#8221;question-droite&#8221;]YOU HAVE A QUESTION? \u00a0<a class=\"coontact\" href=\"https:\/\/crm-agile.selectup.com\/en\/contact\">PLEASE CONTACT US<\/a>[\/vc_column_text][\/vc_column][\/vc_row]<\/p>\n<\/div>","protected":false},"excerpt":{"rendered":"<p>[vc_row full_width=&#8221;stretch_row&#8221; content_placement=&#8221;middle&#8221; el_id=&#8221;bg-top-secteur&#8221;][vc_column][vc_column_text el_class=&#8221;titre-bg-top&#8221;] Select&#8217;UP s&#8217;occupe de votre concession auto &#8230; Lorem ipsum Lorem ipsum Lorem ipsum Lorem ipsum Lorem ipsum Lorem ipsum Lorem ipsum<span class=\"excerpt-hellip\"> [\u2026]<\/span><\/p>\n","protected":false},"author":2,"featured_media":0,"parent":0,"menu_order":0,"comment_status":"closed","ping_status":"closed","template":"page-solutions.php","meta":{"_acf_changed":false,"footnotes":""},"class_list":["post-2156","page","type-page","status-publish","hentry"],"acf":[],"yoast_head":"<!-- This site is optimized with the Yoast SEO plugin v27.4 - https:\/\/yoast.com\/product\/yoast-seo-wordpress\/ -->\n<title>CRM pour les concessions de v\u00e9hicules - Select&#039;up<\/title>\n<meta name=\"description\" content=\"eSeller : le CRM de r\u00e9f\u00e9rence pour r\u00e9pondre aux nouveaux enjeux de la distribution de v\u00e9hicules (lead management, data marketing, usage mobile\u2026)\" \/>\n<meta name=\"robots\" content=\"index, follow, max-snippet:-1, max-image-preview:large, max-video-preview:-1\" \/>\n<link rel=\"canonical\" href=\"https:\/\/crm-agile.selectup.com\/en\/solutions-eseller\" \/>\n<meta property=\"og:locale\" content=\"en_US\" \/>\n<meta property=\"og:type\" content=\"article\" \/>\n<meta property=\"og:title\" content=\"CRM pour les concessions de v\u00e9hicules - Select&#039;up\" \/>\n<meta property=\"og:description\" content=\"eSeller : le CRM de r\u00e9f\u00e9rence pour r\u00e9pondre aux nouveaux enjeux de la distribution de v\u00e9hicules (lead management, data marketing, usage mobile\u2026)\" \/>\n<meta property=\"og:url\" content=\"https:\/\/crm-agile.selectup.com\/en\/solutions-eseller\" \/>\n<meta property=\"og:site_name\" content=\"Select&#039;up\" \/>\n<meta property=\"article:modified_time\" content=\"2018-02-06T15:16:28+00:00\" \/>\n<meta property=\"og:image\" content=\"https:\/\/crm-agile.selectup.com\/wp-content\/uploads\/2017\/03\/rond-selectup.png\" \/>\n<meta name=\"twitter:card\" content=\"summary_large_image\" \/>\n<meta name=\"twitter:label1\" content=\"Est. reading time\" \/>\n\t<meta name=\"twitter:data1\" content=\"3 minutes\" \/>\n<script type=\"application\/ld+json\" class=\"yoast-schema-graph\">{\"@context\":\"https:\\\/\\\/schema.org\",\"@graph\":[{\"@type\":\"WebPage\",\"@id\":\"https:\\\/\\\/crm-agile.selectup.com\\\/en\\\/solutions-eseller\",\"url\":\"https:\\\/\\\/crm-agile.selectup.com\\\/en\\\/solutions-eseller\",\"name\":\"CRM pour les concessions de v\u00e9hicules - Select'up\",\"isPartOf\":{\"@id\":\"https:\\\/\\\/crm-agile.selectup.com\\\/en#website\"},\"datePublished\":\"2016-11-08T15:27:19+00:00\",\"dateModified\":\"2018-02-06T15:16:28+00:00\",\"description\":\"eSeller : le CRM de r\u00e9f\u00e9rence pour r\u00e9pondre aux nouveaux enjeux de la distribution de v\u00e9hicules (lead management, data marketing, usage mobile\u2026)\",\"breadcrumb\":{\"@id\":\"https:\\\/\\\/crm-agile.selectup.com\\\/en\\\/solutions-eseller#breadcrumb\"},\"inLanguage\":\"en-US\",\"potentialAction\":[{\"@type\":\"ReadAction\",\"target\":[\"https:\\\/\\\/crm-agile.selectup.com\\\/en\\\/solutions-eseller\"]}]},{\"@type\":\"BreadcrumbList\",\"@id\":\"https:\\\/\\\/crm-agile.selectup.com\\\/en\\\/solutions-eseller#breadcrumb\",\"itemListElement\":[{\"@type\":\"ListItem\",\"position\":1,\"name\":\"Accueil\",\"item\":\"https:\\\/\\\/crm-agile.selectup.com\\\/en\"},{\"@type\":\"ListItem\",\"position\":2,\"name\":\"Solutions\"}]},{\"@type\":\"WebSite\",\"@id\":\"https:\\\/\\\/crm-agile.selectup.com\\\/en#website\",\"url\":\"https:\\\/\\\/crm-agile.selectup.com\\\/en\",\"name\":\"Select&#039;up\",\"description\":\"\",\"potentialAction\":[{\"@type\":\"SearchAction\",\"target\":{\"@type\":\"EntryPoint\",\"urlTemplate\":\"https:\\\/\\\/crm-agile.selectup.com\\\/en?s={search_term_string}\"},\"query-input\":{\"@type\":\"PropertyValueSpecification\",\"valueRequired\":true,\"valueName\":\"search_term_string\"}}],\"inLanguage\":\"en-US\"}]}<\/script>\n<!-- \/ Yoast SEO plugin. -->","yoast_head_json":{"title":"CRM pour les concessions de v\u00e9hicules - Select'up","description":"eSeller : le CRM de r\u00e9f\u00e9rence pour r\u00e9pondre aux nouveaux enjeux de la distribution de v\u00e9hicules (lead management, data marketing, usage mobile\u2026)","robots":{"index":"index","follow":"follow","max-snippet":"max-snippet:-1","max-image-preview":"max-image-preview:large","max-video-preview":"max-video-preview:-1"},"canonical":"https:\/\/crm-agile.selectup.com\/en\/solutions-eseller","og_locale":"en_US","og_type":"article","og_title":"CRM pour les concessions de v\u00e9hicules - Select'up","og_description":"eSeller : le CRM de r\u00e9f\u00e9rence pour r\u00e9pondre aux nouveaux enjeux de la distribution de v\u00e9hicules (lead management, data marketing, usage mobile\u2026)","og_url":"https:\/\/crm-agile.selectup.com\/en\/solutions-eseller","og_site_name":"Select&#039;up","article_modified_time":"2018-02-06T15:16:28+00:00","og_image":[{"url":"https:\/\/crm-agile.selectup.com\/wp-content\/uploads\/2017\/03\/rond-selectup.png","type":"","width":"","height":""}],"twitter_card":"summary_large_image","twitter_misc":{"Est. reading time":"3 minutes"},"schema":{"@context":"https:\/\/schema.org","@graph":[{"@type":"WebPage","@id":"https:\/\/crm-agile.selectup.com\/en\/solutions-eseller","url":"https:\/\/crm-agile.selectup.com\/en\/solutions-eseller","name":"CRM pour les concessions de v\u00e9hicules - Select'up","isPartOf":{"@id":"https:\/\/crm-agile.selectup.com\/en#website"},"datePublished":"2016-11-08T15:27:19+00:00","dateModified":"2018-02-06T15:16:28+00:00","description":"eSeller : le CRM de r\u00e9f\u00e9rence pour r\u00e9pondre aux nouveaux enjeux de la distribution de v\u00e9hicules (lead management, data marketing, usage mobile\u2026)","breadcrumb":{"@id":"https:\/\/crm-agile.selectup.com\/en\/solutions-eseller#breadcrumb"},"inLanguage":"en-US","potentialAction":[{"@type":"ReadAction","target":["https:\/\/crm-agile.selectup.com\/en\/solutions-eseller"]}]},{"@type":"BreadcrumbList","@id":"https:\/\/crm-agile.selectup.com\/en\/solutions-eseller#breadcrumb","itemListElement":[{"@type":"ListItem","position":1,"name":"Accueil","item":"https:\/\/crm-agile.selectup.com\/en"},{"@type":"ListItem","position":2,"name":"Solutions"}]},{"@type":"WebSite","@id":"https:\/\/crm-agile.selectup.com\/en#website","url":"https:\/\/crm-agile.selectup.com\/en","name":"Select&#039;up","description":"","potentialAction":[{"@type":"SearchAction","target":{"@type":"EntryPoint","urlTemplate":"https:\/\/crm-agile.selectup.com\/en?s={search_term_string}"},"query-input":{"@type":"PropertyValueSpecification","valueRequired":true,"valueName":"search_term_string"}}],"inLanguage":"en-US"}]}},"_links":{"self":[{"href":"https:\/\/crm-agile.selectup.com\/en\/wp-json\/wp\/v2\/pages\/2156","targetHints":{"allow":["GET"]}}],"collection":[{"href":"https:\/\/crm-agile.selectup.com\/en\/wp-json\/wp\/v2\/pages"}],"about":[{"href":"https:\/\/crm-agile.selectup.com\/en\/wp-json\/wp\/v2\/types\/page"}],"author":[{"embeddable":true,"href":"https:\/\/crm-agile.selectup.com\/en\/wp-json\/wp\/v2\/users\/2"}],"replies":[{"embeddable":true,"href":"https:\/\/crm-agile.selectup.com\/en\/wp-json\/wp\/v2\/comments?post=2156"}],"version-history":[{"count":0,"href":"https:\/\/crm-agile.selectup.com\/en\/wp-json\/wp\/v2\/pages\/2156\/revisions"}],"wp:attachment":[{"href":"https:\/\/crm-agile.selectup.com\/en\/wp-json\/wp\/v2\/media?parent=2156"}],"curies":[{"name":"wp","href":"https:\/\/api.w.org\/{rel}","templated":true}]}}