{"id":2144,"date":"2017-03-01T10:49:27","date_gmt":"2017-03-01T09:49:27","guid":{"rendered":"http:\/\/crm-agile.selectup.com\/activity-area\/camping-car"},"modified":"2018-01-25T10:55:50","modified_gmt":"2018-01-25T09:55:50","slug":"camping-car","status":"publish","type":"page","link":"https:\/\/crm-agile.selectup.com\/en\/activity-area\/camping-car","title":{"rendered":"Motor home"},"content":{"rendered":"<div class=\"wpb-content-wrapper\"><p>[vc_row el_id=&#8221;oges&#8221;][vc_column][vc_column_text el_class=&#8221;left&#8221;]<\/p>\n<h2 class=\"titre_hp2\" style=\"text-align: left;\">Distributors of motor homes (RVs), what are your expectations?<\/h2>\n<p style=\"text-align: left;\">Today, pressured by new consumer practices (fierce competition from &#8220;person-to-person&#8221; sales, growth of the rental market, the explosion of the web to attract customers, etc.), the distributors of recreational vehicles must adapt and reshape their approach to customer relations.<\/p>\n<p style=\"text-align: left;\">For the past 15 years, <strong>Select&#8217;up has offered RV distributors a range of CRM solutions tailored to their needs<\/strong> and worked alongside professionals to increase customer knowledge and business performance.<\/p>\n<p>[\/vc_column_text][\/vc_column][\/vc_row][vc_row el_id=&#8221;picto-slogan&#8221;][vc_column][vc_single_image source=&#8221;external_link&#8221; external_img_size=&#8221;175&#215;100&#8243; alignment=&#8221;center&#8221; custom_src=&#8221;\/wp-content\/uploads\/2017\/03\/pictos-camping-car.png&#8221;][vc_text_separator title=&#8221;eSeller: the solution for distributors of recreational vehicles&#8221;][\/vc_column][\/vc_row][vc_row el_id=&#8221;oges-deux&#8221;][vc_column][vc_column_text el_class=&#8221;texte-oges&#8221;]<\/p>\n<h3 style=\"text-align: center;\">Select&#8217;up supports you with new digital tools<\/h3>\n<ol class=\"bene\">\n<li><i class=\"fa fa-signal\"><\/i>A powerful CRM application for your vendors<\/li>\n<li><i class=\"fleche-cible\"><\/i>Mastery of the management of leads<\/li>\n<li><i class=\"fa fa-users\"><\/i>Centralized customer information<\/li>\n<li><i class=\"fa fa-tachometer\"><\/i>Guide features to help you make decisions<\/li>\n<\/ol>\n<p>[\/vc_column_text][\/vc_column][\/vc_row][vc_row el_id=&#8221;btn-contact-ccar&#8221;][vc_column width=&#8221;1\/3&#8243;][\/vc_column][vc_column width=&#8221;1\/3&#8243;][vc_btn title=&#8221;CONTACT AN ADVISOR&#8221; color=&#8221;black&#8221; align=&#8221;center&#8221; i_align=&#8221;right&#8221; i_icon_fontawesome=&#8221;fa fa-user&#8221; css_animation=&#8221;none&#8221; add_icon=&#8221;true&#8221; el_class=&#8221;contacteznous&#8221; link=&#8221;url:http%3A%2F%2Fcrm-agile.selectup.com%2Fen%2Fcontact|&#8221;][\/vc_column][vc_column width=&#8221;1\/3&#8243;][\/vc_column][\/vc_row][vc_row el_id=&#8221;intmetiers&#8221;][vc_column][vc_column_text]<\/p>\n<h2 class=\"titre_hp2\">Business interfaces and dedicated connections<\/h2>\n<p><img decoding=\"async\" class=\"rond_selectup\" src=\"\/wp-content\/uploads\/2017\/03\/rond-selectup.png\" \/>[\/vc_column_text][vc_row_inner][vc_column_inner width=&#8221;2\/3&#8243;][vc_icon icon_fontawesome=&#8221;fa fa-database&#8221; color=&#8221;custom&#8221; size=&#8221;xl&#8221; custom_color=&#8221;#cf2638&#8243;][vc_column_text el_class=&#8221;left&#8221;]<\/p>\n<h3>eSeller is compatible with the tools of motorhome distributors:<\/h3>\n<ul>\n<li>Compatibility with the main DMS of the market<\/li>\n<li>A single interface to manage all advertisers<\/li>\n<li>The same tool for posting vehicles to your own website and to the online classified ads<\/li>\n<li>Receiving leads in real-time in the sales department<\/li>\n<\/ul>\n<p>[\/vc_column_text][\/vc_column_inner][vc_column_inner width=&#8221;1\/3&#8243;][vc_icon icon_fontawesome=&#8221;fa fa-exchange&#8221; color=&#8221;custom&#8221; size=&#8221;xl&#8221; custom_color=&#8221;#cf2638&#8243;][vc_column_text el_class=&#8221;left&#8221;]<\/p>\n<h3 style=\"text-align: left;\">eSeller is connected:<\/h3>\n<ul>\n<li style=\"text-align: left;\">To DMS Winsun and Dealer Business (Everlog) for orders and stock<\/li>\n<li style=\"text-align: left;\">To your website<\/li>\n<li style=\"text-align: left;\">To online classified ads<\/li>\n<\/ul>\n<p>[\/vc_column_text][\/vc_column_inner][\/vc_row_inner][\/vc_column][\/vc_row][vc_row][vc_column width=&#8221;1\/4&#8243;][\/vc_column][vc_column width=&#8221;1\/4&#8243;][\/vc_column][\/vc_row][vc_row el_id=&#8221;referencesccar&#8221;][vc_column][vc_column_text]<\/p>\n<h2 class=\"titre_hp2\">RV dealers trust us<\/h2>\n<p><img decoding=\"async\" class=\"rond_selectup\" src=\"\/wp-content\/uploads\/2017\/03\/rond-selectup.png\" \/>[\/vc_column_text][vc_images_carousel images=&#8221;1031,1029,1030,1032,1033,1034,1035&#8243; img_size=&#8221;200&#215;152&#8243; slides_per_view=&#8221;7&#8243; hide_pagination_control=&#8221;yes&#8221; el_class=&#8221;slider-reference&#8221;][\/vc_column][\/vc_row][vc_row el_id=&#8221;question&#8221;][vc_column][vc_column_text el_class=&#8221;question-droite&#8221;]YOU HAVE A QUESTION? <a class=\"coontact\" href=\"https:\/\/crm-agile.selectup.com\/en\/contact\">PLEASE CONTACT US<\/a>[\/vc_column_text][\/vc_column][\/vc_row]<\/p>\n<\/div>","protected":false},"excerpt":{"rendered":"<p>[vc_row el_id=&#8221;oges&#8221;][vc_column][vc_column_text el_class=&#8221;left&#8221;] Distributors of motor homes (RVs), what are your expectations? Today, pressured by new consumer practices (fierce competition from &#8220;person-to-person&#8221; sales, growth of the<span class=\"excerpt-hellip\"> [\u2026]<\/span><\/p>\n","protected":false},"author":2,"featured_media":0,"parent":2135,"menu_order":0,"comment_status":"closed","ping_status":"closed","template":"page-camping-car.php","meta":{"_acf_changed":false,"footnotes":""},"class_list":["post-2144","page","type-page","status-publish","hentry"],"acf":[],"yoast_head":"<!-- This site is optimized with the Yoast SEO plugin v27.3 - https:\/\/yoast.com\/product\/yoast-seo-wordpress\/ -->\n<title>CRM gestion de lead pour les concessionnaires de camping-car - Select&#039;up<\/title>\n<meta name=\"description\" content=\"Select\u2019up, expert du CRM pour la distribution de v\u00e9hicules de loisirs, vous propose des outils adapt\u00e9s \u00e0 votre m\u00e9tier, pour augmenter votre performance commerciale\" \/>\n<meta name=\"robots\" content=\"index, follow, max-snippet:-1, max-image-preview:large, max-video-preview:-1\" \/>\n<link rel=\"canonical\" href=\"https:\/\/crm-agile.selectup.com\/en\/activity-area\/camping-car\" \/>\n<meta property=\"og:locale\" content=\"en_US\" \/>\n<meta property=\"og:type\" content=\"article\" \/>\n<meta property=\"og:title\" content=\"CRM gestion de lead pour les concessionnaires de camping-car - Select&#039;up\" \/>\n<meta property=\"og:description\" content=\"Select\u2019up, expert du CRM pour la distribution de v\u00e9hicules de loisirs, vous propose des outils adapt\u00e9s \u00e0 votre m\u00e9tier, pour augmenter votre performance commerciale\" \/>\n<meta property=\"og:url\" content=\"https:\/\/crm-agile.selectup.com\/en\/activity-area\/camping-car\" \/>\n<meta property=\"og:site_name\" content=\"Select&#039;up\" \/>\n<meta property=\"article:modified_time\" content=\"2018-01-25T09:55:50+00:00\" \/>\n<meta property=\"og:image\" content=\"https:\/\/crm-agile.selectup.com\/wp-content\/uploads\/2017\/03\/rond-selectup.png\" \/>\n<meta name=\"twitter:card\" content=\"summary_large_image\" \/>\n<meta name=\"twitter:label1\" content=\"Est. reading time\" \/>\n\t<meta name=\"twitter:data1\" content=\"2 minutes\" \/>\n<script type=\"application\/ld+json\" class=\"yoast-schema-graph\">{\"@context\":\"https:\\\/\\\/schema.org\",\"@graph\":[{\"@type\":\"WebPage\",\"@id\":\"https:\\\/\\\/crm-agile.selectup.com\\\/en\\\/activity-area\\\/camping-car\",\"url\":\"https:\\\/\\\/crm-agile.selectup.com\\\/en\\\/activity-area\\\/camping-car\",\"name\":\"CRM gestion de lead pour les concessionnaires de camping-car - Select'up\",\"isPartOf\":{\"@id\":\"https:\\\/\\\/crm-agile.selectup.com\\\/en#website\"},\"datePublished\":\"2017-03-01T09:49:27+00:00\",\"dateModified\":\"2018-01-25T09:55:50+00:00\",\"description\":\"Select\u2019up, expert du CRM pour la distribution de v\u00e9hicules de loisirs, vous propose des outils adapt\u00e9s \u00e0 votre m\u00e9tier, pour augmenter votre performance commerciale\",\"breadcrumb\":{\"@id\":\"https:\\\/\\\/crm-agile.selectup.com\\\/en\\\/activity-area\\\/camping-car#breadcrumb\"},\"inLanguage\":\"en-US\",\"potentialAction\":[{\"@type\":\"ReadAction\",\"target\":[\"https:\\\/\\\/crm-agile.selectup.com\\\/en\\\/activity-area\\\/camping-car\"]}]},{\"@type\":\"BreadcrumbList\",\"@id\":\"https:\\\/\\\/crm-agile.selectup.com\\\/en\\\/activity-area\\\/camping-car#breadcrumb\",\"itemListElement\":[{\"@type\":\"ListItem\",\"position\":1,\"name\":\"Accueil\",\"item\":\"https:\\\/\\\/crm-agile.selectup.com\\\/en\"},{\"@type\":\"ListItem\",\"position\":2,\"name\":\"Activity area\",\"item\":\"https:\\\/\\\/crm-agile.selectup.com\\\/en\\\/activity-area\"},{\"@type\":\"ListItem\",\"position\":3,\"name\":\"Motor home\"}]},{\"@type\":\"WebSite\",\"@id\":\"https:\\\/\\\/crm-agile.selectup.com\\\/en#website\",\"url\":\"https:\\\/\\\/crm-agile.selectup.com\\\/en\",\"name\":\"Select&#039;up\",\"description\":\"\",\"potentialAction\":[{\"@type\":\"SearchAction\",\"target\":{\"@type\":\"EntryPoint\",\"urlTemplate\":\"https:\\\/\\\/crm-agile.selectup.com\\\/en?s={search_term_string}\"},\"query-input\":{\"@type\":\"PropertyValueSpecification\",\"valueRequired\":true,\"valueName\":\"search_term_string\"}}],\"inLanguage\":\"en-US\"}]}<\/script>\n<!-- \/ Yoast SEO plugin. -->","yoast_head_json":{"title":"CRM gestion de lead pour les concessionnaires de camping-car - Select'up","description":"Select\u2019up, expert du CRM pour la distribution de v\u00e9hicules de loisirs, vous propose des outils adapt\u00e9s \u00e0 votre m\u00e9tier, pour augmenter votre performance commerciale","robots":{"index":"index","follow":"follow","max-snippet":"max-snippet:-1","max-image-preview":"max-image-preview:large","max-video-preview":"max-video-preview:-1"},"canonical":"https:\/\/crm-agile.selectup.com\/en\/activity-area\/camping-car","og_locale":"en_US","og_type":"article","og_title":"CRM gestion de lead pour les concessionnaires de camping-car - Select'up","og_description":"Select\u2019up, expert du CRM pour la distribution de v\u00e9hicules de loisirs, vous propose des outils adapt\u00e9s \u00e0 votre m\u00e9tier, pour augmenter votre performance commerciale","og_url":"https:\/\/crm-agile.selectup.com\/en\/activity-area\/camping-car","og_site_name":"Select&#039;up","article_modified_time":"2018-01-25T09:55:50+00:00","og_image":[{"url":"https:\/\/crm-agile.selectup.com\/wp-content\/uploads\/2017\/03\/rond-selectup.png","type":"","width":"","height":""}],"twitter_card":"summary_large_image","twitter_misc":{"Est. reading time":"2 minutes"},"schema":{"@context":"https:\/\/schema.org","@graph":[{"@type":"WebPage","@id":"https:\/\/crm-agile.selectup.com\/en\/activity-area\/camping-car","url":"https:\/\/crm-agile.selectup.com\/en\/activity-area\/camping-car","name":"CRM gestion de lead pour les concessionnaires de camping-car - Select'up","isPartOf":{"@id":"https:\/\/crm-agile.selectup.com\/en#website"},"datePublished":"2017-03-01T09:49:27+00:00","dateModified":"2018-01-25T09:55:50+00:00","description":"Select\u2019up, expert du CRM pour la distribution de v\u00e9hicules de loisirs, vous propose des outils adapt\u00e9s \u00e0 votre m\u00e9tier, pour augmenter votre performance commerciale","breadcrumb":{"@id":"https:\/\/crm-agile.selectup.com\/en\/activity-area\/camping-car#breadcrumb"},"inLanguage":"en-US","potentialAction":[{"@type":"ReadAction","target":["https:\/\/crm-agile.selectup.com\/en\/activity-area\/camping-car"]}]},{"@type":"BreadcrumbList","@id":"https:\/\/crm-agile.selectup.com\/en\/activity-area\/camping-car#breadcrumb","itemListElement":[{"@type":"ListItem","position":1,"name":"Accueil","item":"https:\/\/crm-agile.selectup.com\/en"},{"@type":"ListItem","position":2,"name":"Activity area","item":"https:\/\/crm-agile.selectup.com\/en\/activity-area"},{"@type":"ListItem","position":3,"name":"Motor home"}]},{"@type":"WebSite","@id":"https:\/\/crm-agile.selectup.com\/en#website","url":"https:\/\/crm-agile.selectup.com\/en","name":"Select&#039;up","description":"","potentialAction":[{"@type":"SearchAction","target":{"@type":"EntryPoint","urlTemplate":"https:\/\/crm-agile.selectup.com\/en?s={search_term_string}"},"query-input":{"@type":"PropertyValueSpecification","valueRequired":true,"valueName":"search_term_string"}}],"inLanguage":"en-US"}]}},"_links":{"self":[{"href":"https:\/\/crm-agile.selectup.com\/en\/wp-json\/wp\/v2\/pages\/2144","targetHints":{"allow":["GET"]}}],"collection":[{"href":"https:\/\/crm-agile.selectup.com\/en\/wp-json\/wp\/v2\/pages"}],"about":[{"href":"https:\/\/crm-agile.selectup.com\/en\/wp-json\/wp\/v2\/types\/page"}],"author":[{"embeddable":true,"href":"https:\/\/crm-agile.selectup.com\/en\/wp-json\/wp\/v2\/users\/2"}],"replies":[{"embeddable":true,"href":"https:\/\/crm-agile.selectup.com\/en\/wp-json\/wp\/v2\/comments?post=2144"}],"version-history":[{"count":0,"href":"https:\/\/crm-agile.selectup.com\/en\/wp-json\/wp\/v2\/pages\/2144\/revisions"}],"up":[{"embeddable":true,"href":"https:\/\/crm-agile.selectup.com\/en\/wp-json\/wp\/v2\/pages\/2135"}],"wp:attachment":[{"href":"https:\/\/crm-agile.selectup.com\/en\/wp-json\/wp\/v2\/media?parent=2144"}],"curies":[{"name":"wp","href":"https:\/\/api.w.org\/{rel}","templated":true}]}}