{"id":2138,"date":"2017-03-01T10:49:52","date_gmt":"2017-03-01T09:49:52","guid":{"rendered":"http:\/\/crm-agile.selectup.com\/activity-area\/agricole-motoculture"},"modified":"2018-01-25T11:03:18","modified_gmt":"2018-01-25T10:03:18","slug":"agricultural-machinery","status":"publish","type":"page","link":"https:\/\/crm-agile.selectup.com\/en\/activity-area\/agricultural-machinery","title":{"rendered":"Agricultural Machinery"},"content":{"rendered":"<div class=\"wpb-content-wrapper\"><p>[vc_row el_id=&#8221;intmetiers&#8221;][vc_column][vc_column_text]<\/p>\n<h2 class=\"titre_hp2\">Management of customer relations in agricultural and gardening machinery<\/h2>\n<p><img decoding=\"async\" class=\"rond_selectup\" src=\"\/wp-content\/uploads\/2017\/03\/rond-selectup.png\" \/><\/p>\n<p>Select&#8217;up offers to dealers of agricultural and gardening machinery a CRM tool adapted to their needs: mobility, immediate access to the data and sharing of information.<br \/>\nThe sale of agricultural and gardening machinery is an increasingly complex business, requiring a great deal of technical know-how (the equipment is increasingly sophisticated), and high mobility (frequent trips to professional customers).<\/p>\n<p><strong>The sales people need to access their information instantly while on the move<\/strong>, to inform a client or determine his needs <strong>during the appointment<\/strong>. Managers need to collaborate with a mobile sales force, thanks to shared information on the actions and offers in progress.<\/p>\n<p><strong>Select&#8217;up takes into account the specific needs of agricultural\/gardening equipment dealers<\/strong>, and offers a CRM adapted to those needs to improve its commercial efficiency.[\/vc_column_text][\/vc_column][\/vc_row][vc_row el_id=&#8221;picto-slogan&#8221;][vc_column][vc_single_image source=&#8221;external_link&#8221; external_img_size=&#8221;175&#215;100&#8243; alignment=&#8221;center&#8221; custom_src=&#8221;\/wp-content\/uploads\/2017\/03\/pictos-tracteur.png&#8221;][vc_text_separator title=&#8221;eSeller: the solution in the agricultural and gardening equipment field&#8221;][\/vc_column][\/vc_row][vc_row el_id=&#8221;benefices&#8221;][vc_column][vc_column_text]<\/p>\n<h3 class=\"titre_hp3\" style=\"text-align: center;\">eSeller: A recognized solution in the agricultural and gardening equipment world<\/h3>\n<p>[\/vc_column_text][vc_column_text]<\/p>\n<ol class=\"bene\">\n<li><i class=\"fa fa-cloud-download\"><\/i>Access to inventory wherever you are in France<\/li>\n<li><i class=\"fa fa-file-text\"><\/i>Entering reports and actions to be taken<\/li>\n<li><i class=\"fa fa-file-text-o\"><\/i>Creating commercial offers<\/li>\n<li><i class=\"fa fa-exchange\"><\/i>Sharing of information with the manager in real time<\/li>\n<li><i class=\"fa fa-mouse-pointer\"><\/i>Connections to the main market tools<\/li>\n<\/ol>\n<p>[\/vc_column_text][\/vc_column][\/vc_row][vc_row][vc_column width=&#8221;1\/4&#8243;][\/vc_column][vc_column width=&#8221;1\/2&#8243;][vc_btn title=&#8221;REQUEST A PERSONALIZED PRESENTATION&#8221; color=&#8221;black&#8221; align=&#8221;center&#8221; i_align=&#8221;right&#8221; i_icon_fontawesome=&#8221;fa fa-check&#8221; css_animation=&#8221;none&#8221; add_icon=&#8221;true&#8221; el_class=&#8221;contacteznous&#8221; link=&#8221;url:http%3A%2F%2Fcrm-agile.selectup.com%2Fen%2Fcontact|&#8221;][\/vc_column][vc_column width=&#8221;1\/4&#8243;][\/vc_column][\/vc_row][vc_row el_id=&#8221;intmetiers&#8221;][vc_column][vc_column_text]<\/p>\n<h2 class=\"titre_hp2\" style=\"text-align: center;\">Business interfaces and dedicated connections<\/h2>\n<p>[\/vc_column_text][vc_row_inner el_id=&#8221;intmetier-dessous&#8221;][vc_column_inner width=&#8221;1\/2&#8243;][vc_icon icon_fontawesome=&#8221;fa fa-database&#8221; color=&#8221;custom&#8221; size=&#8221;xl&#8221; custom_color=&#8221;#cf2638&#8243;][vc_column_text el_class=&#8221;left&#8221;]<\/p>\n<h3>Connections to farm management software:<\/h3>\n<ul>\n<li>Winagri , Wingreen, Dealer Business (Everlog)<\/li>\n<li>I30, i40, i80 (Irium)<\/li>\n<\/ul>\n<p>[\/vc_column_text][\/vc_column_inner][vc_column_inner width=&#8221;1\/2&#8243;][vc_icon icon_fontawesome=&#8221;fa fa-random&#8221; color=&#8221;custom&#8221; size=&#8221;xl&#8221; custom_color=&#8221;#cf2638&#8243;][vc_column_text el_class=&#8221;left&#8221;]<\/p>\n<h3 style=\"text-align: left;\">Automatic posting of ads to:<\/h3>\n<ul>\n<li style=\"text-align: left;\">Agri Affaire<\/li>\n<li style=\"text-align: left;\">Terre \u2013 net<\/li>\n<\/ul>\n<p>[\/vc_column_text][\/vc_column_inner][\/vc_row_inner][\/vc_column][\/vc_row][vc_row el_id=&#8221;referencesmoto&#8221;][vc_column][vc_column_text]<\/p>\n<h3 class=\"titre_hp2\">Agricultural and gardening equipment distributors trust us<\/h3>\n<p>[\/vc_column_text][vc_images_carousel images=&#8221;1043,1450&#8243; img_size=&#8221;200&#215;152&#8243; slides_per_view=&#8221;2&#8243; hide_pagination_control=&#8221;yes&#8221; hide_prev_next_buttons=&#8221;yes&#8221; el_class=&#8221;slider-reference&#8221;][\/vc_column][\/vc_row][vc_row el_id=&#8221;question&#8221;][vc_column][vc_column_text el_class=&#8221;question-droite&#8221;]YOU HAVE A QUESTION? <a class=\"coontact\" href=\"https:\/\/crm-agile.selectup.com\/en\/contact\">PLEASE CONTACT US<\/a>[\/vc_column_text][\/vc_column][\/vc_row]<\/p>\n<\/div>","protected":false},"excerpt":{"rendered":"<p>[vc_row el_id=&#8221;intmetiers&#8221;][vc_column][vc_column_text] Management of customer relations in agricultural and gardening machinery Select&#8217;up offers to dealers of agricultural and gardening machinery a CRM tool adapted to their<span class=\"excerpt-hellip\"> [\u2026]<\/span><\/p>\n","protected":false},"author":2,"featured_media":0,"parent":2135,"menu_order":0,"comment_status":"closed","ping_status":"closed","template":"page-agricole.php","meta":{"_acf_changed":false,"footnotes":""},"class_list":["post-2138","page","type-page","status-publish","hentry"],"acf":[],"yoast_head":"<!-- This site is optimized with the Yoast SEO plugin v27.4 - https:\/\/yoast.com\/product\/yoast-seo-wordpress\/ -->\n<title>CRM gestion de lead pour les concessionnaires agricoles - Select&#039;up<\/title>\n<meta name=\"description\" content=\"Select\u2019up, expert du CRM pour la machine agricole et la motoculture de plaisance, vous propose des outils adapt\u00e9s \u00e0 votre m\u00e9tier, pour augmenter votre performance commerciale.\" \/>\n<meta name=\"robots\" content=\"index, follow, max-snippet:-1, max-image-preview:large, max-video-preview:-1\" \/>\n<link rel=\"canonical\" href=\"https:\/\/crm-agile.selectup.com\/en\/activity-area\/agricultural-machinery\" \/>\n<meta property=\"og:locale\" content=\"en_US\" \/>\n<meta property=\"og:type\" content=\"article\" \/>\n<meta property=\"og:title\" content=\"CRM gestion de lead pour les concessionnaires agricoles - Select&#039;up\" \/>\n<meta property=\"og:description\" content=\"Select\u2019up, expert du CRM pour la machine agricole et la motoculture de plaisance, vous propose des outils adapt\u00e9s \u00e0 votre m\u00e9tier, pour augmenter votre performance commerciale.\" \/>\n<meta property=\"og:url\" content=\"https:\/\/crm-agile.selectup.com\/en\/activity-area\/agricultural-machinery\" \/>\n<meta property=\"og:site_name\" content=\"Select&#039;up\" \/>\n<meta property=\"article:modified_time\" content=\"2018-01-25T10:03:18+00:00\" \/>\n<meta property=\"og:image\" content=\"https:\/\/crm-agile.selectup.com\/wp-content\/uploads\/2017\/03\/rond-selectup.png\" \/>\n<meta name=\"twitter:card\" content=\"summary_large_image\" \/>\n<meta name=\"twitter:label1\" content=\"Est. reading time\" \/>\n\t<meta name=\"twitter:data1\" content=\"3 minutes\" \/>\n<script type=\"application\/ld+json\" class=\"yoast-schema-graph\">{\"@context\":\"https:\\\/\\\/schema.org\",\"@graph\":[{\"@type\":\"WebPage\",\"@id\":\"https:\\\/\\\/crm-agile.selectup.com\\\/en\\\/activity-area\\\/agricultural-machinery\",\"url\":\"https:\\\/\\\/crm-agile.selectup.com\\\/en\\\/activity-area\\\/agricultural-machinery\",\"name\":\"CRM gestion de lead pour les concessionnaires agricoles - Select'up\",\"isPartOf\":{\"@id\":\"https:\\\/\\\/crm-agile.selectup.com\\\/en#website\"},\"datePublished\":\"2017-03-01T09:49:52+00:00\",\"dateModified\":\"2018-01-25T10:03:18+00:00\",\"description\":\"Select\u2019up, expert du CRM pour la machine agricole et la motoculture de plaisance, vous propose des outils adapt\u00e9s \u00e0 votre m\u00e9tier, pour augmenter votre performance commerciale.\",\"breadcrumb\":{\"@id\":\"https:\\\/\\\/crm-agile.selectup.com\\\/en\\\/activity-area\\\/agricultural-machinery#breadcrumb\"},\"inLanguage\":\"en-US\",\"potentialAction\":[{\"@type\":\"ReadAction\",\"target\":[\"https:\\\/\\\/crm-agile.selectup.com\\\/en\\\/activity-area\\\/agricultural-machinery\"]}]},{\"@type\":\"BreadcrumbList\",\"@id\":\"https:\\\/\\\/crm-agile.selectup.com\\\/en\\\/activity-area\\\/agricultural-machinery#breadcrumb\",\"itemListElement\":[{\"@type\":\"ListItem\",\"position\":1,\"name\":\"Accueil\",\"item\":\"https:\\\/\\\/crm-agile.selectup.com\\\/en\"},{\"@type\":\"ListItem\",\"position\":2,\"name\":\"Activity area\",\"item\":\"https:\\\/\\\/crm-agile.selectup.com\\\/en\\\/activity-area\"},{\"@type\":\"ListItem\",\"position\":3,\"name\":\"Agricultural Machinery\"}]},{\"@type\":\"WebSite\",\"@id\":\"https:\\\/\\\/crm-agile.selectup.com\\\/en#website\",\"url\":\"https:\\\/\\\/crm-agile.selectup.com\\\/en\",\"name\":\"Select&#039;up\",\"description\":\"\",\"potentialAction\":[{\"@type\":\"SearchAction\",\"target\":{\"@type\":\"EntryPoint\",\"urlTemplate\":\"https:\\\/\\\/crm-agile.selectup.com\\\/en?s={search_term_string}\"},\"query-input\":{\"@type\":\"PropertyValueSpecification\",\"valueRequired\":true,\"valueName\":\"search_term_string\"}}],\"inLanguage\":\"en-US\"}]}<\/script>\n<!-- \/ Yoast SEO plugin. -->","yoast_head_json":{"title":"CRM gestion de lead pour les concessionnaires agricoles - Select'up","description":"Select\u2019up, expert du CRM pour la machine agricole et la motoculture de plaisance, vous propose des outils adapt\u00e9s \u00e0 votre m\u00e9tier, pour augmenter votre performance commerciale.","robots":{"index":"index","follow":"follow","max-snippet":"max-snippet:-1","max-image-preview":"max-image-preview:large","max-video-preview":"max-video-preview:-1"},"canonical":"https:\/\/crm-agile.selectup.com\/en\/activity-area\/agricultural-machinery","og_locale":"en_US","og_type":"article","og_title":"CRM gestion de lead pour les concessionnaires agricoles - Select'up","og_description":"Select\u2019up, expert du CRM pour la machine agricole et la motoculture de plaisance, vous propose des outils adapt\u00e9s \u00e0 votre m\u00e9tier, pour augmenter votre performance commerciale.","og_url":"https:\/\/crm-agile.selectup.com\/en\/activity-area\/agricultural-machinery","og_site_name":"Select&#039;up","article_modified_time":"2018-01-25T10:03:18+00:00","og_image":[{"url":"https:\/\/crm-agile.selectup.com\/wp-content\/uploads\/2017\/03\/rond-selectup.png","type":"","width":"","height":""}],"twitter_card":"summary_large_image","twitter_misc":{"Est. reading time":"3 minutes"},"schema":{"@context":"https:\/\/schema.org","@graph":[{"@type":"WebPage","@id":"https:\/\/crm-agile.selectup.com\/en\/activity-area\/agricultural-machinery","url":"https:\/\/crm-agile.selectup.com\/en\/activity-area\/agricultural-machinery","name":"CRM gestion de lead pour les concessionnaires agricoles - Select'up","isPartOf":{"@id":"https:\/\/crm-agile.selectup.com\/en#website"},"datePublished":"2017-03-01T09:49:52+00:00","dateModified":"2018-01-25T10:03:18+00:00","description":"Select\u2019up, expert du CRM pour la machine agricole et la motoculture de plaisance, vous propose des outils adapt\u00e9s \u00e0 votre m\u00e9tier, pour augmenter votre performance commerciale.","breadcrumb":{"@id":"https:\/\/crm-agile.selectup.com\/en\/activity-area\/agricultural-machinery#breadcrumb"},"inLanguage":"en-US","potentialAction":[{"@type":"ReadAction","target":["https:\/\/crm-agile.selectup.com\/en\/activity-area\/agricultural-machinery"]}]},{"@type":"BreadcrumbList","@id":"https:\/\/crm-agile.selectup.com\/en\/activity-area\/agricultural-machinery#breadcrumb","itemListElement":[{"@type":"ListItem","position":1,"name":"Accueil","item":"https:\/\/crm-agile.selectup.com\/en"},{"@type":"ListItem","position":2,"name":"Activity area","item":"https:\/\/crm-agile.selectup.com\/en\/activity-area"},{"@type":"ListItem","position":3,"name":"Agricultural Machinery"}]},{"@type":"WebSite","@id":"https:\/\/crm-agile.selectup.com\/en#website","url":"https:\/\/crm-agile.selectup.com\/en","name":"Select&#039;up","description":"","potentialAction":[{"@type":"SearchAction","target":{"@type":"EntryPoint","urlTemplate":"https:\/\/crm-agile.selectup.com\/en?s={search_term_string}"},"query-input":{"@type":"PropertyValueSpecification","valueRequired":true,"valueName":"search_term_string"}}],"inLanguage":"en-US"}]}},"_links":{"self":[{"href":"https:\/\/crm-agile.selectup.com\/en\/wp-json\/wp\/v2\/pages\/2138","targetHints":{"allow":["GET"]}}],"collection":[{"href":"https:\/\/crm-agile.selectup.com\/en\/wp-json\/wp\/v2\/pages"}],"about":[{"href":"https:\/\/crm-agile.selectup.com\/en\/wp-json\/wp\/v2\/types\/page"}],"author":[{"embeddable":true,"href":"https:\/\/crm-agile.selectup.com\/en\/wp-json\/wp\/v2\/users\/2"}],"replies":[{"embeddable":true,"href":"https:\/\/crm-agile.selectup.com\/en\/wp-json\/wp\/v2\/comments?post=2138"}],"version-history":[{"count":0,"href":"https:\/\/crm-agile.selectup.com\/en\/wp-json\/wp\/v2\/pages\/2138\/revisions"}],"up":[{"embeddable":true,"href":"https:\/\/crm-agile.selectup.com\/en\/wp-json\/wp\/v2\/pages\/2135"}],"wp:attachment":[{"href":"https:\/\/crm-agile.selectup.com\/en\/wp-json\/wp\/v2\/media?parent=2138"}],"curies":[{"name":"wp","href":"https:\/\/api.w.org\/{rel}","templated":true}]}}