{"id":2129,"date":"2017-02-21T14:47:55","date_gmt":"2017-02-21T13:47:55","guid":{"rendered":"http:\/\/crm-agile.selectup.com\/entreprise"},"modified":"2018-01-25T11:23:02","modified_gmt":"2018-01-25T10:23:02","slug":"company","status":"publish","type":"page","link":"https:\/\/crm-agile.selectup.com\/en\/company","title":{"rendered":"The Company"},"content":{"rendered":"<div class=\"wpb-content-wrapper\"><p>[vc_row el_id=&#8221;content-bgselec&#8221;][vc_column][vc_column_text]<\/p>\n<h2 class=\"titre_hp2\">Who are we?<\/h2>\n<p><img decoding=\"async\" class=\"rond_selectup\" src=\"\/wp-content\/uploads\/2017\/03\/rond-selectup.png\" \/><\/p>\n<p>Select\u2019up is\u00a0<strong>the first French company to use CRM for selling vehicles<\/strong>. As early as 2000, Select\u2019up introduced a\u00a0<strong>CRM solution dedicated to car dealers<\/strong>, marketed in Saas mode and 100%<\/p>\n<p>Having become the CRM leader in this market,\u00a0<strong>Select\u2019up now supplies more than 3,500 users and 750 car dealers<\/strong>\u00a0with the eSeller solution. It has become the standard in the market for driving sales.<\/p>\n<p>Based on this experience, Select\u2019up today offers to all vehicle distributors (<strong>cars, motorbikes, trucks, RVs, and agricultural and gardening equipment<\/strong>) simple and intuitive CRM solutions that are quick to implement and connected to their business tools.[\/vc_column_text][\/vc_column][\/vc_row][vc_row el_id=&#8221;dixsept&#8221;][vc_column][vc_column_text]<\/p>\n<h2 class=\"titre_hp2\">More than 17 years of experience serving vehicle distributors<\/h2>\n<p><img decoding=\"async\" class=\"rond_selectup\" src=\"\/wp-content\/uploads\/2017\/03\/rond-selectup.png\" \/>[\/vc_column_text][\/vc_column][\/vc_row][vc_row el_id=&#8221;three-blocs-notre-center&#8221;][vc_column el_class=&#8221;aleluia&#8221;][vc_column_text]<\/p>\n<div class=\"parent\">\n<div class=\"enfant\">\n<h3>The core of our business<\/h3>\n<ul>\n<li>The management of customer relations in the service of vehicle distributors<\/li>\n<\/ul>\n<\/div>\n<\/div>\n<div class=\"parent\">\n<div class=\"enfant\">\n<h3>Our expertise<\/h3>\n<ul>\n<li>Share, enhance, and implement customer data from distributors<\/li>\n<li>Create applications to generate business opportunities for used and new vehicles and the repair shop<\/li>\n<\/ul>\n<\/div>\n<\/div>\n<div class=\"parent\">\n<div class=\"enfant\">\n<h3>Our eSeller solutions<\/h3>\n<ul>\n<li>Simple, intuitive, and 100% web-based CRM solutions<\/li>\n<li>Immediate ease of use<\/li>\n<li>Mobility<\/li>\n<li>No material investment<\/li>\n<li>Accessible 24 hours a day &#8211; fully responsive<\/li>\n<\/ul>\n<\/div>\n<\/div>\n<p>[\/vc_column_text][\/vc_column][\/vc_row][vc_row el_id=&#8221;ecosysteme-partenaires&#8221;][vc_column][vc_column_text]<\/p>\n<h2 class=\"titre_hp2\">An ecosystem of partners for a global IT solution<\/h2>\n<p><img decoding=\"async\" class=\"rond_selectup\" src=\"\/wp-content\/uploads\/2017\/03\/rond-selectup.png\" \/><\/p>\n<p>Select&#8217;up partners with numerous experts in their fields in order to provide its clients with the best level of service[\/vc_column_text][\/vc_column][\/vc_row][vc_row el_id=&#8221;les-cinq-partenaires&#8221;][vc_column][vc_column_text]<\/p>\n<div class=\"col_third\">\n<div class=\"hover panel\">\n<div class=\"front\">\n<div class=\"box1\">\n<h3><img loading=\"lazy\" decoding=\"async\" class=\"alignnone size-full wp-image-2086\" src=\"https:\/\/crm-agile.selectup.com\/wp-content\/uploads\/logo-partenaire-report-one-selectup.png\" alt=\"\" width=\"200\" height=\"97\" srcset=\"https:\/\/crm-agile.selectup.com\/wp-content\/uploads\/logo-partenaire-report-one-selectup.png 200w, https:\/\/crm-agile.selectup.com\/wp-content\/uploads\/logo-partenaire-report-one-selectup-50x24.png 50w, https:\/\/crm-agile.selectup.com\/wp-content\/uploads\/logo-partenaire-report-one-selectup-150x73.png 150w\" sizes=\"auto, (max-width: 200px) 100vw, 200px\" \/><\/h3>\n<h3>Decision-making tools partner<\/h3>\n<\/div>\n<\/div>\n<div class=\"back\">\n<div class=\"box2\">\n<div class=\"flex-vertical\">Select&#8217;up uses Report One&#8217;s business intelligence solution for eSeller&#8217;s decision-making functions. Focusing on simplicity, Report One solutions enable each user to build his own management tables. Report One today has 5,000 clients and 35,000 users.<\/div>\n<\/div>\n<\/div>\n<\/div>\n<\/div>\n<div class=\"col_third\">\n<div class=\"hover panel\">\n<div class=\"front\">\n<div class=\"box1\">\n<h3><img loading=\"lazy\" decoding=\"async\" class=\"alignnone size-full wp-image-2084\" src=\"https:\/\/crm-agile.selectup.com\/wp-content\/uploads\/logo-partenaire-hegerys-selectup.png\" alt=\"\" width=\"200\" height=\"97\" srcset=\"https:\/\/crm-agile.selectup.com\/wp-content\/uploads\/logo-partenaire-hegerys-selectup.png 200w, https:\/\/crm-agile.selectup.com\/wp-content\/uploads\/logo-partenaire-hegerys-selectup-50x24.png 50w, https:\/\/crm-agile.selectup.com\/wp-content\/uploads\/logo-partenaire-hegerys-selectup-150x73.png 150w\" sizes=\"auto, (max-width: 200px) 100vw, 200px\" \/><\/h3>\n<h3>Web hosting &amp; Cloud partner<\/h3>\n<\/div>\n<\/div>\n<div class=\"back\">\n<div class=\"box2\">\n<div class=\"flex-vertical\">Reliability and secure data hosting are priorities for Select-up. That&#8217;s why we chose Hegerys. With more than 2,000 clients, 3 data centers and 4,000 hosted servers, Hegerys is one of the premier web hosts in France. Located in Paris and Saint Denis, Hegerys offers state-of-the-art security and continuity of service.<\/div>\n<\/div>\n<\/div>\n<\/div>\n<\/div>\n<div class=\"col_third\">\n<div class=\"hover panel\">\n<div class=\"front\">\n<div class=\"box1\">\n<h3><img loading=\"lazy\" decoding=\"async\" class=\"alignnone size-full wp-image-2085\" src=\"https:\/\/crm-agile.selectup.com\/wp-content\/uploads\/logo-partenaire-microsoft-selectup.png\" alt=\"\" width=\"200\" height=\"97\" srcset=\"https:\/\/crm-agile.selectup.com\/wp-content\/uploads\/logo-partenaire-microsoft-selectup.png 200w, https:\/\/crm-agile.selectup.com\/wp-content\/uploads\/logo-partenaire-microsoft-selectup-50x24.png 50w, https:\/\/crm-agile.selectup.com\/wp-content\/uploads\/logo-partenaire-microsoft-selectup-150x73.png 150w\" sizes=\"auto, (max-width: 200px) 100vw, 200px\" \/><\/h3>\n<h3>Technology partner<\/h3>\n<\/div>\n<\/div>\n<div class=\"back\">\n<div class=\"box2\">\n<div class=\"flex-vertical\">Select&#8217;up is a Microsoft Silver-level certified partner in the ISV category (software company). This certification guarantees to the users of our I.T. solutions the best development practices of our products on Microsoft technologies (.net, SQL Server) in compliance with Microsoft&#8217;s development charter.<\/div>\n<\/div>\n<\/div>\n<\/div>\n<\/div>\n<div class=\"col_third\">\n<div class=\"hover panel\">\n<div class=\"front\">\n<div class=\"box1\">\n<h3><img loading=\"lazy\" decoding=\"async\" class=\"alignnone size-full wp-image-2082\" src=\"https:\/\/crm-agile.selectup.com\/wp-content\/uploads\/logo-partenaire-amabis-selectup.png\" alt=\"\" width=\"200\" height=\"97\" srcset=\"https:\/\/crm-agile.selectup.com\/wp-content\/uploads\/logo-partenaire-amabis-selectup.png 200w, https:\/\/crm-agile.selectup.com\/wp-content\/uploads\/logo-partenaire-amabis-selectup-50x24.png 50w, https:\/\/crm-agile.selectup.com\/wp-content\/uploads\/logo-partenaire-amabis-selectup-150x73.png 150w\" sizes=\"auto, (max-width: 200px) 100vw, 200px\" \/><\/h3>\n<h3>Data marketing partner<\/h3>\n<\/div>\n<\/div>\n<div class=\"back\">\n<div class=\"box2\">\n<div class=\"flex-vertical\">Amabis is one of the first French agencies to have intensively developed data quality management. Amabis offers state-of-the-art tools and services to enhance a company&#8217;s customer data by improving their quality (identification and removal of duplicates, deduplication, address standardization, etc\u2026)<\/div>\n<\/div>\n<\/div>\n<\/div>\n<\/div>\n<div class=\"col_third end\">\n<div class=\"hover panel\">\n<div class=\"front\">\n<div class=\"box1\">\n<h3><img loading=\"lazy\" decoding=\"async\" class=\"alignnone size-full wp-image-2083\" src=\"https:\/\/crm-agile.selectup.com\/wp-content\/uploads\/logo-partenaire-autovista-selectup.png\" alt=\"\" width=\"200\" height=\"97\" srcset=\"https:\/\/crm-agile.selectup.com\/wp-content\/uploads\/logo-partenaire-autovista-selectup.png 200w, https:\/\/crm-agile.selectup.com\/wp-content\/uploads\/logo-partenaire-autovista-selectup-50x24.png 50w, https:\/\/crm-agile.selectup.com\/wp-content\/uploads\/logo-partenaire-autovista-selectup-150x73.png 150w\" sizes=\"auto, (max-width: 200px) 100vw, 200px\" \/><\/h3>\n<h3>Vehicules references partner<\/h3>\n<\/div>\n<\/div>\n<div class=\"back\">\n<div class=\"box2\">\n<div class=\"flex-vertical\">Autovista is the European leader in providing data for automotive professionals. Autovista is a Select&#8217;up privileged partner to guarantee the quality of vehicle data in the CRM.<\/div>\n<\/div>\n<\/div>\n<\/div>\n<\/div>\n<p>[\/vc_column_text][\/vc_column][\/vc_row][vc_row el_id=&#8221;demarche-accompagnement&#8221;][vc_column][vc_column_text]<\/p>\n<h2 class=\"titre_hp2\">An approved method of support<\/h2>\n<p><img decoding=\"async\" class=\"rond_selectup\" src=\"\/wp-content\/uploads\/2017\/03\/rond-selectup.png\" \/>[\/vc_column_text][vc_row_inner el_class=&#8221;trois-colonnes&#8221;][vc_column_inner width=&#8221;1\/3&#8243; css=&#8221;.vc_custom_1492620593996{padding-right: 5px !important;padding-left: 5px !important;}&#8221;][vc_raw_html]JTNDaSUyMGNsYXNzJTNEJTIyZmElMjBmYS11c2VyJTIyJTIwc3R5bGUlM0QlMjJmb250LXNpemUlM0E1MHB4JTNCJTIwdGV4dC1hbGlnbiUzQWNlbnRlciUzQiUyMGNvbG9yJTNBJTIzZmZmZmZmJTNCJTIyJTIwYXJpYS1oaWRkZW4lM0QlMjJ0cnVlJTIyJTNFJTNDJTJGaSUzRQ==[\/vc_raw_html][vc_column_text]<\/p>\n<h3>Collaboration as a foundation<\/h3>\n<p class=\"center-white\">A dedicated &#8221; Customer Success Manager &#8221;<br \/>\nPersonalized support<\/p>\n<p>[\/vc_column_text][\/vc_column_inner][vc_column_inner width=&#8221;1\/3&#8243; css=&#8221;.vc_custom_1492620600147{padding-right: 5px !important;padding-left: 5px !important;}&#8221;][vc_raw_html]JTNDaSUyMGNsYXNzJTNEJTIyZmElMjBmYS1yb2NrZXQlMjIlMjBzdHlsZSUzRCUyMmZvbnQtc2l6ZSUzQTUwcHglM0IlMjB0ZXh0LWFsaWduJTNBY2VudGVyJTNCJTIwY29sb3IlM0ElMjNmZmZmZmYlM0IlMjIlMjBhcmlhLWhpZGRlbiUzRCUyMnRydWUlMjIlM0UlM0MlMkZpJTNF[\/vc_raw_html][vc_column_text]<\/p>\n<h3>The pursuit of performance<\/h3>\n<p class=\"center-white\">Integration into your group&#8217;s business processes<br \/>\nJoint approach in the construction of KPIs<\/p>\n<p>[\/vc_column_text][\/vc_column_inner][vc_column_inner width=&#8221;1\/3&#8243; css=&#8221;.vc_custom_1492620614773{padding-right: 5px !important;padding-left: 5px !important;}&#8221;][vc_raw_html]JTNDaSUyMGNsYXNzJTNEJTIyZmElMjBmYS10aHVtYnMtdXAlMjIlMjBzdHlsZSUzRCUyMmZvbnQtc2l6ZSUzQTUwcHglM0IlMjB0ZXh0LWFsaWduJTNBY2VudGVyJTNCJTIwY29sb3IlM0ElMjNmZmZmZmYlM0IlMjIlMjBhcmlhLWhpZGRlbiUzRCUyMnRydWUlMjIlM0UlM0MlMkZpJTNF[\/vc_raw_html][vc_column_text]<\/p>\n<h3>Long-term customer satisfaction<\/h3>\n<p class=\"center-white\">Customized and sustainable user support<br \/>\nPremium Level of Service<\/p>\n<p>[\/vc_column_text][\/vc_column_inner][\/vc_row_inner][\/vc_column][\/vc_row][vc_row el_id=&#8221;temoignage&#8221; css=&#8221;.vc_custom_1492702304870{margin-top: 50px !important;margin-bottom: 50px !important;}&#8221;][vc_column width=&#8221;1\/4&#8243;][\/vc_column][vc_column width=&#8221;1\/4&#8243;][\/vc_column][\/vc_row][vc_row el_id=&#8221;skilliance&#8221;][vc_column width=&#8221;3\/4&#8243;][vc_column_text]<\/p>\n<h2 class=\"titre_hp2\">GROUP SKILLIANCE<\/h2>\n<p><img decoding=\"async\" class=\"rond_selectup\" src=\"\/wp-content\/uploads\/2017\/03\/rond-selectup.png\" \/><\/p>\n<p>Select&#8217;up is one of the expert company of Skilliance Group. Skilliance is publisher and integrator of business software for vehicles distribution since 20 years. Skilliance companies are aimed at extract the best technology so as to build smart, intuitive and fl exible applications for networks automatives.[\/vc_column_text][\/vc_column][vc_column width=&#8221;1\/4&#8243;][vc_single_image image=&#8221;633&#8243; img_size=&#8221;200&#215;69&#8243; alignment=&#8221;center&#8221; onclick=&#8221;custom_link&#8221; link=&#8221;http:\/\/www.skilliance-group.com\/&#8221;][\/vc_column][\/vc_row][vc_row el_id=&#8221;question&#8221;][vc_column][vc_column_text el_class=&#8221;question-droite&#8221;]YOU HAVE A QUESTION? <a class=\"coontact\" href=\"https:\/\/crm-agile.selectup.com\/en\/contact\">PLEASE CONTACT US<\/a>[\/vc_column_text][\/vc_column][\/vc_row]<\/p>\n<\/div>","protected":false},"excerpt":{"rendered":"<p>[vc_row el_id=&#8221;content-bgselec&#8221;][vc_column][vc_column_text] Who are we? Select\u2019up is\u00a0the first French company to use CRM for selling vehicles. As early as 2000, Select\u2019up introduced a\u00a0CRM solution dedicated to<span class=\"excerpt-hellip\"> [\u2026]<\/span><\/p>\n","protected":false},"author":2,"featured_media":0,"parent":0,"menu_order":0,"comment_status":"closed","ping_status":"closed","template":"page-entreprise.php","meta":{"_acf_changed":false,"footnotes":""},"class_list":["post-2129","page","type-page","status-publish","hentry"],"acf":[],"yoast_head":"<!-- This site is optimized with the Yoast SEO plugin v27.4 - https:\/\/yoast.com\/product\/yoast-seo-wordpress\/ -->\n<title>Select&#039;up : 20 ans d&#039;expertise au service des distributeurs de v\u00e9hicules<\/title>\n<meta name=\"description\" content=\"Select\u2019up, premier acteur du CRM dans la distribution de v\u00e9hicules vous propose des CRM simples, intuitifs, rapides \u00e0 impl\u00e9menter, et connect\u00e9s \u00e0 vos outils m\u00e9tiers.\" \/>\n<meta name=\"robots\" content=\"index, follow, max-snippet:-1, max-image-preview:large, max-video-preview:-1\" \/>\n<link rel=\"canonical\" href=\"https:\/\/crm-agile.selectup.com\/en\/company\" \/>\n<meta property=\"og:locale\" content=\"en_US\" \/>\n<meta property=\"og:type\" content=\"article\" \/>\n<meta property=\"og:title\" content=\"Select&#039;up : 20 ans d&#039;expertise au service des distributeurs de v\u00e9hicules\" \/>\n<meta property=\"og:description\" content=\"Select\u2019up, premier acteur du CRM dans la distribution de v\u00e9hicules vous propose des CRM simples, intuitifs, rapides \u00e0 impl\u00e9menter, et connect\u00e9s \u00e0 vos outils m\u00e9tiers.\" \/>\n<meta property=\"og:url\" content=\"https:\/\/crm-agile.selectup.com\/en\/company\" \/>\n<meta property=\"og:site_name\" content=\"Select&#039;up\" \/>\n<meta property=\"article:modified_time\" content=\"2018-01-25T10:23:02+00:00\" \/>\n<meta property=\"og:image\" content=\"https:\/\/crm-agile.selectup.com\/wp-content\/uploads\/2017\/03\/rond-selectup.png\" \/>\n<meta name=\"twitter:card\" content=\"summary_large_image\" \/>\n<meta name=\"twitter:label1\" content=\"Est. reading time\" \/>\n\t<meta name=\"twitter:data1\" content=\"4 minutes\" \/>\n<script type=\"application\/ld+json\" class=\"yoast-schema-graph\">{\"@context\":\"https:\\\/\\\/schema.org\",\"@graph\":[{\"@type\":\"WebPage\",\"@id\":\"https:\\\/\\\/crm-agile.selectup.com\\\/en\\\/company\",\"url\":\"https:\\\/\\\/crm-agile.selectup.com\\\/en\\\/company\",\"name\":\"Select'up : 20 ans d'expertise au service des distributeurs de v\u00e9hicules\",\"isPartOf\":{\"@id\":\"https:\\\/\\\/crm-agile.selectup.com\\\/en#website\"},\"primaryImageOfPage\":{\"@id\":\"https:\\\/\\\/crm-agile.selectup.com\\\/en\\\/company#primaryimage\"},\"image\":{\"@id\":\"https:\\\/\\\/crm-agile.selectup.com\\\/en\\\/company#primaryimage\"},\"thumbnailUrl\":\"https:\\\/\\\/crm-agile.selectup.com\\\/wp-content\\\/uploads\\\/logo-partenaire-report-one-selectup.png\",\"datePublished\":\"2017-02-21T13:47:55+00:00\",\"dateModified\":\"2018-01-25T10:23:02+00:00\",\"description\":\"Select\u2019up, premier acteur du CRM dans la distribution de v\u00e9hicules vous propose des CRM simples, intuitifs, rapides \u00e0 impl\u00e9menter, et connect\u00e9s \u00e0 vos outils m\u00e9tiers.\",\"breadcrumb\":{\"@id\":\"https:\\\/\\\/crm-agile.selectup.com\\\/en\\\/company#breadcrumb\"},\"inLanguage\":\"en-US\",\"potentialAction\":[{\"@type\":\"ReadAction\",\"target\":[\"https:\\\/\\\/crm-agile.selectup.com\\\/en\\\/company\"]}]},{\"@type\":\"ImageObject\",\"inLanguage\":\"en-US\",\"@id\":\"https:\\\/\\\/crm-agile.selectup.com\\\/en\\\/company#primaryimage\",\"url\":\"https:\\\/\\\/crm-agile.selectup.com\\\/wp-content\\\/uploads\\\/logo-partenaire-report-one-selectup.png\",\"contentUrl\":\"https:\\\/\\\/crm-agile.selectup.com\\\/wp-content\\\/uploads\\\/logo-partenaire-report-one-selectup.png\"},{\"@type\":\"BreadcrumbList\",\"@id\":\"https:\\\/\\\/crm-agile.selectup.com\\\/en\\\/company#breadcrumb\",\"itemListElement\":[{\"@type\":\"ListItem\",\"position\":1,\"name\":\"Accueil\",\"item\":\"https:\\\/\\\/crm-agile.selectup.com\\\/en\"},{\"@type\":\"ListItem\",\"position\":2,\"name\":\"The Company\"}]},{\"@type\":\"WebSite\",\"@id\":\"https:\\\/\\\/crm-agile.selectup.com\\\/en#website\",\"url\":\"https:\\\/\\\/crm-agile.selectup.com\\\/en\",\"name\":\"Select&#039;up\",\"description\":\"\",\"potentialAction\":[{\"@type\":\"SearchAction\",\"target\":{\"@type\":\"EntryPoint\",\"urlTemplate\":\"https:\\\/\\\/crm-agile.selectup.com\\\/en?s={search_term_string}\"},\"query-input\":{\"@type\":\"PropertyValueSpecification\",\"valueRequired\":true,\"valueName\":\"search_term_string\"}}],\"inLanguage\":\"en-US\"}]}<\/script>\n<!-- \/ Yoast SEO plugin. -->","yoast_head_json":{"title":"Select'up : 20 ans d'expertise au service des distributeurs de v\u00e9hicules","description":"Select\u2019up, premier acteur du CRM dans la distribution de v\u00e9hicules vous propose des CRM simples, intuitifs, rapides \u00e0 impl\u00e9menter, et connect\u00e9s \u00e0 vos outils m\u00e9tiers.","robots":{"index":"index","follow":"follow","max-snippet":"max-snippet:-1","max-image-preview":"max-image-preview:large","max-video-preview":"max-video-preview:-1"},"canonical":"https:\/\/crm-agile.selectup.com\/en\/company","og_locale":"en_US","og_type":"article","og_title":"Select'up : 20 ans d'expertise au service des distributeurs de v\u00e9hicules","og_description":"Select\u2019up, premier acteur du CRM dans la distribution de v\u00e9hicules vous propose des CRM simples, intuitifs, rapides \u00e0 impl\u00e9menter, et connect\u00e9s \u00e0 vos outils m\u00e9tiers.","og_url":"https:\/\/crm-agile.selectup.com\/en\/company","og_site_name":"Select&#039;up","article_modified_time":"2018-01-25T10:23:02+00:00","og_image":[{"url":"https:\/\/crm-agile.selectup.com\/wp-content\/uploads\/2017\/03\/rond-selectup.png","type":"","width":"","height":""}],"twitter_card":"summary_large_image","twitter_misc":{"Est. reading time":"4 minutes"},"schema":{"@context":"https:\/\/schema.org","@graph":[{"@type":"WebPage","@id":"https:\/\/crm-agile.selectup.com\/en\/company","url":"https:\/\/crm-agile.selectup.com\/en\/company","name":"Select'up : 20 ans d'expertise au service des distributeurs de v\u00e9hicules","isPartOf":{"@id":"https:\/\/crm-agile.selectup.com\/en#website"},"primaryImageOfPage":{"@id":"https:\/\/crm-agile.selectup.com\/en\/company#primaryimage"},"image":{"@id":"https:\/\/crm-agile.selectup.com\/en\/company#primaryimage"},"thumbnailUrl":"https:\/\/crm-agile.selectup.com\/wp-content\/uploads\/logo-partenaire-report-one-selectup.png","datePublished":"2017-02-21T13:47:55+00:00","dateModified":"2018-01-25T10:23:02+00:00","description":"Select\u2019up, premier acteur du CRM dans la distribution de v\u00e9hicules vous propose des CRM simples, intuitifs, rapides \u00e0 impl\u00e9menter, et connect\u00e9s \u00e0 vos outils m\u00e9tiers.","breadcrumb":{"@id":"https:\/\/crm-agile.selectup.com\/en\/company#breadcrumb"},"inLanguage":"en-US","potentialAction":[{"@type":"ReadAction","target":["https:\/\/crm-agile.selectup.com\/en\/company"]}]},{"@type":"ImageObject","inLanguage":"en-US","@id":"https:\/\/crm-agile.selectup.com\/en\/company#primaryimage","url":"https:\/\/crm-agile.selectup.com\/wp-content\/uploads\/logo-partenaire-report-one-selectup.png","contentUrl":"https:\/\/crm-agile.selectup.com\/wp-content\/uploads\/logo-partenaire-report-one-selectup.png"},{"@type":"BreadcrumbList","@id":"https:\/\/crm-agile.selectup.com\/en\/company#breadcrumb","itemListElement":[{"@type":"ListItem","position":1,"name":"Accueil","item":"https:\/\/crm-agile.selectup.com\/en"},{"@type":"ListItem","position":2,"name":"The Company"}]},{"@type":"WebSite","@id":"https:\/\/crm-agile.selectup.com\/en#website","url":"https:\/\/crm-agile.selectup.com\/en","name":"Select&#039;up","description":"","potentialAction":[{"@type":"SearchAction","target":{"@type":"EntryPoint","urlTemplate":"https:\/\/crm-agile.selectup.com\/en?s={search_term_string}"},"query-input":{"@type":"PropertyValueSpecification","valueRequired":true,"valueName":"search_term_string"}}],"inLanguage":"en-US"}]}},"_links":{"self":[{"href":"https:\/\/crm-agile.selectup.com\/en\/wp-json\/wp\/v2\/pages\/2129","targetHints":{"allow":["GET"]}}],"collection":[{"href":"https:\/\/crm-agile.selectup.com\/en\/wp-json\/wp\/v2\/pages"}],"about":[{"href":"https:\/\/crm-agile.selectup.com\/en\/wp-json\/wp\/v2\/types\/page"}],"author":[{"embeddable":true,"href":"https:\/\/crm-agile.selectup.com\/en\/wp-json\/wp\/v2\/users\/2"}],"replies":[{"embeddable":true,"href":"https:\/\/crm-agile.selectup.com\/en\/wp-json\/wp\/v2\/comments?post=2129"}],"version-history":[{"count":0,"href":"https:\/\/crm-agile.selectup.com\/en\/wp-json\/wp\/v2\/pages\/2129\/revisions"}],"wp:attachment":[{"href":"https:\/\/crm-agile.selectup.com\/en\/wp-json\/wp\/v2\/media?parent=2129"}],"curies":[{"name":"wp","href":"https:\/\/api.w.org\/{rel}","templated":true}]}}